{"id":35,"date":"2020-01-19T12:09:24","date_gmt":"2020-01-19T11:09:24","guid":{"rendered":"http:\/\/art-du-volume.fr\/?page_id=35"},"modified":"2020-09-10T15:34:13","modified_gmt":"2020-09-10T13:34:13","slug":"ateliers","status":"publish","type":"page","link":"https:\/\/art-du-volume.fr\/index.php\/ateliers\/","title":{"rendered":"Ateliers"},"content":{"rendered":"\n<p>Des ateliers de sculpture sont mis \u00e0 disposition pour ceux qui souhaitent r\u00e9aliser une pi\u00e8ce en grillage et p\u00e2te \u00e0 papier. <br>Vous r\u00e9aliserez la mise en forme de votre volume en grillage puis travaillerez votre sculpture en modelage p\u00e2te \u00e0 papier.<\/p>\n\n\n\n<p> Ces ateliers se pr\u00e9sentent sous forme de stage de 6 h \u00e0 20 h selon l&rsquo;objectif de cr\u00e9ation. <br> Pour adultes et adolescents. <\/p>\n\n\n\n<p><a href=\"http:\/\/art-du-volume.fr\/index.php\/contact\/\">Me contacter<\/a> &#8211; <a href=\"http:\/\/art-du-volume.fr\/index.php\/ateliers\/deroulement-dun-stage\/\">Voir les d\u00e9tails sur le d\u00e9roulement d&rsquo;un stage<\/a><\/p>\n\n\n\n<p><a href=\"http:\/\/art-du-volume.fr\/wp-content\/uploads\/2020\/09\/rentree-2020-2021-chateaubriant.pdf\">ateliers pour l&rsquo;ann\u00e9e 2020-2021 \u00e0 Ch\u00e2teaubriant : pr\u00e9sentation et plannings<\/a><\/p>\n\n\n\n<p><strong>Atelier adultes<\/strong><\/p>\n\n\n\nngg_shortcode_0_placeholder\n\n\n\n<p><strong>Atelier enfants<\/strong><\/p>\n\n\n\n<p>cartonnage Bernard Buffet<\/p>\n\n\n\nngg_shortcode_1_placeholder\n\n\n\n<p>masques en papier m\u00e2ch\u00e9<\/p>\n\n\n\nngg_shortcode_2_placeholder\n\n\n\n<p><strong>Atelier ados<\/strong><\/p>\n\n\n\n<p>peinture<\/p>\n\n\n\nngg_shortcode_3_placeholder\n\n\n\n<p>sculpture<\/p>\n\n\n\nngg_shortcode_4_placeholder\n","protected":false},"excerpt":{"rendered":"<p>Des ateliers de sculpture sont mis \u00e0 disposition pour ceux qui souhaitent r\u00e9aliser une pi\u00e8ce en grillage et p\u00e2te \u00e0 papier. Vous r\u00e9aliserez la mise en forme de votre volume en grillage puis travaillerez votre sculpture en modelage p\u00e2te \u00e0 papier. Ces ateliers se pr\u00e9sentent sous forme de stage de 6 h \u00e0 20 h &hellip; <\/p>\n<p class=\"link-more\"><a href=\"https:\/\/art-du-volume.fr\/index.php\/ateliers\/\" class=\"more-link\">Continuer la lecture<span class=\"screen-reader-text\"> de &laquo;&nbsp;Ateliers&nbsp;&raquo;<\/span><\/a><\/p>\n","protected":false},"author":1,"featured_media":0,"parent":0,"menu_order":0,"comment_status":"closed","ping_status":"closed","template":"","meta":{"ngg_post_thumbnail":0},"yoast_head":"<!-- This site is optimized with the Yoast SEO plugin v19.4 - https:\/\/yoast.com\/wordpress\/plugins\/seo\/ -->\n<title>Ateliers - art du volume<\/title>\n<meta name=\"robots\" content=\"index, follow, max-snippet:-1, max-image-preview:large, max-video-preview:-1\" \/>\n<link rel=\"canonical\" href=\"https:\/\/art-du-volume.fr\/index.php\/ateliers\/\" \/>\n<meta property=\"og:locale\" content=\"fr_FR\" \/>\n<meta property=\"og:type\" content=\"article\" \/>\n<meta property=\"og:title\" content=\"Ateliers - art du volume\" \/>\n<meta property=\"og:description\" content=\"Des ateliers de sculpture sont mis \u00e0 disposition pour ceux qui souhaitent r\u00e9aliser une pi\u00e8ce en grillage et p\u00e2te \u00e0 papier. Vous r\u00e9aliserez la mise en forme de votre volume en grillage puis travaillerez votre sculpture en modelage p\u00e2te \u00e0 papier. Ces ateliers se pr\u00e9sentent sous forme de stage de 6 h \u00e0 20 h &hellip; Continuer la lecture de &laquo;&nbsp;Ateliers&nbsp;&raquo;\" \/>\n<meta property=\"og:url\" content=\"https:\/\/art-du-volume.fr\/index.php\/ateliers\/\" \/>\n<meta property=\"og:site_name\" content=\"art du volume\" \/>\n<meta property=\"article:modified_time\" content=\"2020-09-10T13:34:13+00:00\" \/>\n<meta name=\"twitter:card\" content=\"summary_large_image\" \/>\n<meta name=\"twitter:label1\" content=\"Dur\u00e9e de lecture estim\u00e9e\" \/>\n\t<meta name=\"twitter:data1\" content=\"1 minute\" \/>\n<script type=\"application\/ld+json\" class=\"yoast-schema-graph\">{\"@context\":\"https:\/\/schema.org\",\"@graph\":[{\"@type\":\"WebSite\",\"@id\":\"https:\/\/art-du-volume.fr\/#website\",\"url\":\"https:\/\/art-du-volume.fr\/\",\"name\":\"art du volume\",\"description\":\"sculpture grillage papier \u2212 Galou.P\",\"potentialAction\":[{\"@type\":\"SearchAction\",\"target\":{\"@type\":\"EntryPoint\",\"urlTemplate\":\"https:\/\/art-du-volume.fr\/?s={search_term_string}\"},\"query-input\":\"required name=search_term_string\"}],\"inLanguage\":\"fr-FR\"},{\"@type\":\"WebPage\",\"@id\":\"https:\/\/art-du-volume.fr\/index.php\/ateliers\/\",\"url\":\"https:\/\/art-du-volume.fr\/index.php\/ateliers\/\",\"name\":\"Ateliers - art du volume\",\"isPartOf\":{\"@id\":\"https:\/\/art-du-volume.fr\/#website\"},\"datePublished\":\"2020-01-19T11:09:24+00:00\",\"dateModified\":\"2020-09-10T13:34:13+00:00\",\"breadcrumb\":{\"@id\":\"https:\/\/art-du-volume.fr\/index.php\/ateliers\/#breadcrumb\"},\"inLanguage\":\"fr-FR\",\"potentialAction\":[{\"@type\":\"ReadAction\",\"target\":[\"https:\/\/art-du-volume.fr\/index.php\/ateliers\/\"]}]},{\"@type\":\"BreadcrumbList\",\"@id\":\"https:\/\/art-du-volume.fr\/index.php\/ateliers\/#breadcrumb\",\"itemListElement\":[{\"@type\":\"ListItem\",\"position\":1,\"name\":\"Accueil\",\"item\":\"https:\/\/art-du-volume.fr\/\"},{\"@type\":\"ListItem\",\"position\":2,\"name\":\"Ateliers\"}]}]}<\/script>\n<!-- \/ Yoast SEO plugin. -->","yoast_head_json":{"title":"Ateliers - art du volume","robots":{"index":"index","follow":"follow","max-snippet":"max-snippet:-1","max-image-preview":"max-image-preview:large","max-video-preview":"max-video-preview:-1"},"canonical":"https:\/\/art-du-volume.fr\/index.php\/ateliers\/","og_locale":"fr_FR","og_type":"article","og_title":"Ateliers - art du volume","og_description":"Des ateliers de sculpture sont mis \u00e0 disposition pour ceux qui souhaitent r\u00e9aliser une pi\u00e8ce en grillage et p\u00e2te \u00e0 papier. Vous r\u00e9aliserez la mise en forme de votre volume en grillage puis travaillerez votre sculpture en modelage p\u00e2te \u00e0 papier. Ces ateliers se pr\u00e9sentent sous forme de stage de 6 h \u00e0 20 h &hellip; Continuer la lecture de &laquo;&nbsp;Ateliers&nbsp;&raquo;","og_url":"https:\/\/art-du-volume.fr\/index.php\/ateliers\/","og_site_name":"art du volume","article_modified_time":"2020-09-10T13:34:13+00:00","twitter_card":"summary_large_image","twitter_misc":{"Dur\u00e9e de lecture estim\u00e9e":"1 minute"},"schema":{"@context":"https:\/\/schema.org","@graph":[{"@type":"WebSite","@id":"https:\/\/art-du-volume.fr\/#website","url":"https:\/\/art-du-volume.fr\/","name":"art du volume","description":"sculpture grillage papier \u2212 Galou.P","potentialAction":[{"@type":"SearchAction","target":{"@type":"EntryPoint","urlTemplate":"https:\/\/art-du-volume.fr\/?s={search_term_string}"},"query-input":"required name=search_term_string"}],"inLanguage":"fr-FR"},{"@type":"WebPage","@id":"https:\/\/art-du-volume.fr\/index.php\/ateliers\/","url":"https:\/\/art-du-volume.fr\/index.php\/ateliers\/","name":"Ateliers - art du volume","isPartOf":{"@id":"https:\/\/art-du-volume.fr\/#website"},"datePublished":"2020-01-19T11:09:24+00:00","dateModified":"2020-09-10T13:34:13+00:00","breadcrumb":{"@id":"https:\/\/art-du-volume.fr\/index.php\/ateliers\/#breadcrumb"},"inLanguage":"fr-FR","potentialAction":[{"@type":"ReadAction","target":["https:\/\/art-du-volume.fr\/index.php\/ateliers\/"]}]},{"@type":"BreadcrumbList","@id":"https:\/\/art-du-volume.fr\/index.php\/ateliers\/#breadcrumb","itemListElement":[{"@type":"ListItem","position":1,"name":"Accueil","item":"https:\/\/art-du-volume.fr\/"},{"@type":"ListItem","position":2,"name":"Ateliers"}]}]}},"_links":{"self":[{"href":"https:\/\/art-du-volume.fr\/index.php\/wp-json\/wp\/v2\/pages\/35"}],"collection":[{"href":"https:\/\/art-du-volume.fr\/index.php\/wp-json\/wp\/v2\/pages"}],"about":[{"href":"https:\/\/art-du-volume.fr\/index.php\/wp-json\/wp\/v2\/types\/page"}],"author":[{"embeddable":true,"href":"https:\/\/art-du-volume.fr\/index.php\/wp-json\/wp\/v2\/users\/1"}],"replies":[{"embeddable":true,"href":"https:\/\/art-du-volume.fr\/index.php\/wp-json\/wp\/v2\/comments?post=35"}],"version-history":[{"count":23,"href":"https:\/\/art-du-volume.fr\/index.php\/wp-json\/wp\/v2\/pages\/35\/revisions"}],"predecessor-version":[{"id":213,"href":"https:\/\/art-du-volume.fr\/index.php\/wp-json\/wp\/v2\/pages\/35\/revisions\/213"}],"wp:attachment":[{"href":"https:\/\/art-du-volume.fr\/index.php\/wp-json\/wp\/v2\/media?parent=35"}],"curies":[{"name":"wp","href":"https:\/\/api.w.org\/{rel}","templated":true}]}}