{"id":133,"date":"2020-05-18T13:27:23","date_gmt":"2020-05-18T11:27:23","guid":{"rendered":"http:\/\/art-du-volume.fr\/?page_id=133"},"modified":"2020-06-15T11:01:42","modified_gmt":"2020-06-15T09:01:42","slug":"biographie","status":"publish","type":"page","link":"https:\/\/art-du-volume.fr\/index.php\/biographie\/","title":{"rendered":"Biographie"},"content":{"rendered":"\n<p>Gaelle RABOUAN-PERROTIN n\u00e9e \u00e0 Angers en 1975.<br>GALOU.P de son nom d\u2019artiste.<br>Cr\u00e9ative d\u00e8s son enfance, modelage, moulage, \u00e0 l\u2019adolescence elle pratique la photographie, prise de vues et d\u00e9veloppement. <\/p>\n\n\n\n<p>En 1997 elle suit une pr\u00e9-qualification en c\u00e9ramique et aborde le  tournage et le modelage de la terre ainsi que diff\u00e9rentes techniques de cuissons avec des c\u00e9ramistes exp\u00e9riment\u00e9s. Peu de temps apr\u00e8s, elle  int\u00e8gre les \u00ab&nbsp;Ateliers de la Gobini\u00e8re&nbsp;\u00bb \u00e0 Orvault, en tant qu\u2019aide-plasticienne. Elle y apprend la peinture et le dessin.<\/p>\n\n\n\n<figure class=\"wp-block-image size-large\"><img loading=\"lazy\" width=\"1024\" height=\"768\" src=\"http:\/\/art-du-volume.fr\/wp-content\/uploads\/2020\/01\/GAELLE-1024x768.jpg\" alt=\"\" class=\"wp-image-84\" srcset=\"https:\/\/art-du-volume.fr\/wp-content\/uploads\/2020\/01\/GAELLE-1024x768.jpg 1024w, https:\/\/art-du-volume.fr\/wp-content\/uploads\/2020\/01\/GAELLE-300x225.jpg 300w, https:\/\/art-du-volume.fr\/wp-content\/uploads\/2020\/01\/GAELLE-768x576.jpg 768w, https:\/\/art-du-volume.fr\/wp-content\/uploads\/2020\/01\/GAELLE-1536x1152.jpg 1536w, https:\/\/art-du-volume.fr\/wp-content\/uploads\/2020\/01\/GAELLE-2048x1536.jpg 2048w\" sizes=\"(max-width: 767px) 89vw, (max-width: 1000px) 54vw, (max-width: 1071px) 543px, 580px\" \/><\/figure>\n\n\n\n<p>1999 une ann\u00e9e encourageante et d\u00e9terminante pour Gaelle qui s\u2019investira pleinement \u00e0 la sculptures.<br>Au printemps, elle se trouve un atelier dans un collectif nantais, dans  le quartier des Olivettes (des lieux et rues d\u2019une grande \u00e9nergie  artistique, \u00e9cole d\u2019arts, d\u2019architecture, th\u00e9\u00e2tre\u2026 ) elle y travaille  des volumes en grillage et papier, pl\u00e2tre et r\u00e9sine et r\u00e9alise un  ensemble tribal de dryades, des grands personnages fantastiques qui nous  toisent de leurs deux m\u00e8tres de haut, des s\u00e9duisantes sculptures \u00e0 la  beaut\u00e9 farouche qui furent expos\u00e9es \u00e0 la Cit\u00e9 des Congr\u00e8s en d\u00e9cembre 99  lors du festival <em>Tiss\u00e9 M\u00e9tisse<\/em> puis dans de nombreuses villes dans les Pays de la Loire.<\/p>\n\n\n\n<p>En 2005, elle passe son dipl\u00f4me de staffeuse ornemaniste dans les \nC\u00f4tes d\u2019Armor puis s\u2019installe en Loire Atlantique en campagne \ncastelbriantaise \u00e0 Moisdon La Rivi\u00e8re.<\/p>\n\n\n\n<p>Elle y travaille ses sculptures dont les th\u00e9matiques sont les femmes conqu\u00e9rantes et l\u2019interpr\u00e9tation d\u2019animaux stylis\u00e9s.<\/p>\n\n\n\n<p>Depuis 2015 elle propose des ateliers de sculpture en grillage et \np\u00e2te \u00e0 papier \u00e0 Nort sur Erdre \u00e0 l\u2019acad\u00e9mie artistique nortaise et \nCh\u00e2teaubriant, \u00e0 \u00ab&nbsp;l\u2019atelier 29&nbsp;\u00bb.<\/p>\n","protected":false},"excerpt":{"rendered":"<p>Gaelle RABOUAN-PERROTIN n\u00e9e \u00e0 Angers en 1975.GALOU.P de son nom d\u2019artiste.Cr\u00e9ative d\u00e8s son enfance, modelage, moulage, \u00e0 l\u2019adolescence elle pratique la photographie, prise de vues et d\u00e9veloppement. En 1997 elle suit une pr\u00e9-qualification en c\u00e9ramique et aborde le tournage et le modelage de la terre ainsi que diff\u00e9rentes techniques de cuissons avec des c\u00e9ramistes exp\u00e9riment\u00e9s. &hellip; <\/p>\n<p class=\"link-more\"><a href=\"https:\/\/art-du-volume.fr\/index.php\/biographie\/\" class=\"more-link\">Continuer la lecture<span class=\"screen-reader-text\"> de &laquo;&nbsp;Biographie&nbsp;&raquo;<\/span><\/a><\/p>\n","protected":false},"author":1,"featured_media":0,"parent":0,"menu_order":0,"comment_status":"closed","ping_status":"closed","template":"","meta":{"ngg_post_thumbnail":0},"yoast_head":"<!-- This site is optimized with the Yoast SEO plugin v19.4 - https:\/\/yoast.com\/wordpress\/plugins\/seo\/ -->\n<title>Biographie - art du volume<\/title>\n<meta name=\"robots\" content=\"index, follow, max-snippet:-1, max-image-preview:large, max-video-preview:-1\" \/>\n<link rel=\"canonical\" href=\"https:\/\/art-du-volume.fr\/index.php\/biographie\/\" \/>\n<meta property=\"og:locale\" content=\"fr_FR\" \/>\n<meta property=\"og:type\" content=\"article\" \/>\n<meta property=\"og:title\" content=\"Biographie - art du volume\" \/>\n<meta property=\"og:description\" content=\"Gaelle RABOUAN-PERROTIN n\u00e9e \u00e0 Angers en 1975.GALOU.P de son nom d\u2019artiste.Cr\u00e9ative d\u00e8s son enfance, modelage, moulage, \u00e0 l\u2019adolescence elle pratique la photographie, prise de vues et d\u00e9veloppement. En 1997 elle suit une pr\u00e9-qualification en c\u00e9ramique et aborde le tournage et le modelage de la terre ainsi que diff\u00e9rentes techniques de cuissons avec des c\u00e9ramistes exp\u00e9riment\u00e9s. &hellip; Continuer la lecture de &laquo;&nbsp;Biographie&nbsp;&raquo;\" \/>\n<meta property=\"og:url\" content=\"https:\/\/art-du-volume.fr\/index.php\/biographie\/\" \/>\n<meta property=\"og:site_name\" content=\"art du volume\" \/>\n<meta property=\"article:modified_time\" content=\"2020-06-15T09:01:42+00:00\" \/>\n<meta property=\"og:image\" content=\"http:\/\/art-du-volume.fr\/wp-content\/uploads\/2020\/01\/GAELLE-1024x768.jpg\" \/>\n<meta name=\"twitter:card\" content=\"summary_large_image\" \/>\n<meta name=\"twitter:label1\" content=\"Dur\u00e9e de lecture estim\u00e9e\" \/>\n\t<meta name=\"twitter:data1\" content=\"1 minute\" \/>\n<script type=\"application\/ld+json\" class=\"yoast-schema-graph\">{\"@context\":\"https:\/\/schema.org\",\"@graph\":[{\"@type\":\"WebSite\",\"@id\":\"https:\/\/art-du-volume.fr\/#website\",\"url\":\"https:\/\/art-du-volume.fr\/\",\"name\":\"art du volume\",\"description\":\"sculpture grillage papier \u2212 Galou.P\",\"potentialAction\":[{\"@type\":\"SearchAction\",\"target\":{\"@type\":\"EntryPoint\",\"urlTemplate\":\"https:\/\/art-du-volume.fr\/?s={search_term_string}\"},\"query-input\":\"required name=search_term_string\"}],\"inLanguage\":\"fr-FR\"},{\"@type\":\"WebPage\",\"@id\":\"https:\/\/art-du-volume.fr\/index.php\/biographie\/\",\"url\":\"https:\/\/art-du-volume.fr\/index.php\/biographie\/\",\"name\":\"Biographie - art du volume\",\"isPartOf\":{\"@id\":\"https:\/\/art-du-volume.fr\/#website\"},\"datePublished\":\"2020-05-18T11:27:23+00:00\",\"dateModified\":\"2020-06-15T09:01:42+00:00\",\"breadcrumb\":{\"@id\":\"https:\/\/art-du-volume.fr\/index.php\/biographie\/#breadcrumb\"},\"inLanguage\":\"fr-FR\",\"potentialAction\":[{\"@type\":\"ReadAction\",\"target\":[\"https:\/\/art-du-volume.fr\/index.php\/biographie\/\"]}]},{\"@type\":\"BreadcrumbList\",\"@id\":\"https:\/\/art-du-volume.fr\/index.php\/biographie\/#breadcrumb\",\"itemListElement\":[{\"@type\":\"ListItem\",\"position\":1,\"name\":\"Accueil\",\"item\":\"https:\/\/art-du-volume.fr\/\"},{\"@type\":\"ListItem\",\"position\":2,\"name\":\"Biographie\"}]}]}<\/script>\n<!-- \/ Yoast SEO plugin. -->","yoast_head_json":{"title":"Biographie - art du volume","robots":{"index":"index","follow":"follow","max-snippet":"max-snippet:-1","max-image-preview":"max-image-preview:large","max-video-preview":"max-video-preview:-1"},"canonical":"https:\/\/art-du-volume.fr\/index.php\/biographie\/","og_locale":"fr_FR","og_type":"article","og_title":"Biographie - art du volume","og_description":"Gaelle RABOUAN-PERROTIN n\u00e9e \u00e0 Angers en 1975.GALOU.P de son nom d\u2019artiste.Cr\u00e9ative d\u00e8s son enfance, modelage, moulage, \u00e0 l\u2019adolescence elle pratique la photographie, prise de vues et d\u00e9veloppement. En 1997 elle suit une pr\u00e9-qualification en c\u00e9ramique et aborde le tournage et le modelage de la terre ainsi que diff\u00e9rentes techniques de cuissons avec des c\u00e9ramistes exp\u00e9riment\u00e9s. &hellip; Continuer la lecture de &laquo;&nbsp;Biographie&nbsp;&raquo;","og_url":"https:\/\/art-du-volume.fr\/index.php\/biographie\/","og_site_name":"art du volume","article_modified_time":"2020-06-15T09:01:42+00:00","og_image":[{"url":"http:\/\/art-du-volume.fr\/wp-content\/uploads\/2020\/01\/GAELLE-1024x768.jpg"}],"twitter_card":"summary_large_image","twitter_misc":{"Dur\u00e9e de lecture estim\u00e9e":"1 minute"},"schema":{"@context":"https:\/\/schema.org","@graph":[{"@type":"WebSite","@id":"https:\/\/art-du-volume.fr\/#website","url":"https:\/\/art-du-volume.fr\/","name":"art du volume","description":"sculpture grillage papier \u2212 Galou.P","potentialAction":[{"@type":"SearchAction","target":{"@type":"EntryPoint","urlTemplate":"https:\/\/art-du-volume.fr\/?s={search_term_string}"},"query-input":"required name=search_term_string"}],"inLanguage":"fr-FR"},{"@type":"WebPage","@id":"https:\/\/art-du-volume.fr\/index.php\/biographie\/","url":"https:\/\/art-du-volume.fr\/index.php\/biographie\/","name":"Biographie - art du volume","isPartOf":{"@id":"https:\/\/art-du-volume.fr\/#website"},"datePublished":"2020-05-18T11:27:23+00:00","dateModified":"2020-06-15T09:01:42+00:00","breadcrumb":{"@id":"https:\/\/art-du-volume.fr\/index.php\/biographie\/#breadcrumb"},"inLanguage":"fr-FR","potentialAction":[{"@type":"ReadAction","target":["https:\/\/art-du-volume.fr\/index.php\/biographie\/"]}]},{"@type":"BreadcrumbList","@id":"https:\/\/art-du-volume.fr\/index.php\/biographie\/#breadcrumb","itemListElement":[{"@type":"ListItem","position":1,"name":"Accueil","item":"https:\/\/art-du-volume.fr\/"},{"@type":"ListItem","position":2,"name":"Biographie"}]}]}},"_links":{"self":[{"href":"https:\/\/art-du-volume.fr\/index.php\/wp-json\/wp\/v2\/pages\/133"}],"collection":[{"href":"https:\/\/art-du-volume.fr\/index.php\/wp-json\/wp\/v2\/pages"}],"about":[{"href":"https:\/\/art-du-volume.fr\/index.php\/wp-json\/wp\/v2\/types\/page"}],"author":[{"embeddable":true,"href":"https:\/\/art-du-volume.fr\/index.php\/wp-json\/wp\/v2\/users\/1"}],"replies":[{"embeddable":true,"href":"https:\/\/art-du-volume.fr\/index.php\/wp-json\/wp\/v2\/comments?post=133"}],"version-history":[{"count":3,"href":"https:\/\/art-du-volume.fr\/index.php\/wp-json\/wp\/v2\/pages\/133\/revisions"}],"predecessor-version":[{"id":159,"href":"https:\/\/art-du-volume.fr\/index.php\/wp-json\/wp\/v2\/pages\/133\/revisions\/159"}],"wp:attachment":[{"href":"https:\/\/art-du-volume.fr\/index.php\/wp-json\/wp\/v2\/media?parent=133"}],"curies":[{"name":"wp","href":"https:\/\/api.w.org\/{rel}","templated":true}]}}